{"id":1490,"date":"2022-03-04T03:43:38","date_gmt":"2022-03-04T03:43:38","guid":{"rendered":"https:\/\/crstransportes.com.br\/?page_id=1490"},"modified":"2023-01-25T18:31:48","modified_gmt":"2023-01-25T18:31:48","slug":"about","status":"publish","type":"page","link":"https:\/\/crstransportes.com.br\/?page_id=1490","title":{"rendered":"About"},"content":{"rendered":"\n<div class=\"wp-block-uagb-container uagb-block-bb203fed alignfull uagb-is-root-container\"><div class=\"uagb-container-inner-blocks-wrap\">\n<div class=\"wp-block-uagb-info-box uagb-block-f967ced5 uagb-infobox__content-wrap  uagb-infobox-icon-above-title uagb-infobox-image-valign-top\"><div class=\"uagb-ifb-content\"><div class=\"uagb-ifb-title-wrap\"><span class=\"uagb-ifb-title-prefix\">SOBRE N\u00d3S<\/span><h3 class=\"uagb-ifb-title\">CRS TRANSPORTES<\/h3><\/div><p class=\"uagb-ifb-desc\">A empresa atua no transporte rodovi\u00e1rio de cargas municipal, intermunicipal, insterestadual e internacional. Trabalhamos com pequenos volumes, caixas met\u00e1licas, caixas de madeira, pallets de metal, pallets de madeira, carga solta em geral. Utilizamos para o transportes ve\u00edculos adequados para cada mercadoria a ser transportada, conforme a necessidade do cliente.<br>Nosso principal objetivo \u00e9 entregar sua carga com seguran\u00e7a,&nbsp; seguindo sempre os padr\u00f5es de seguran\u00e7a e cumprindo rigorosamente o gerenciamento de riscos estipulado pela cia. seguradora.<br>CRS Transporte conta com uma gama grande de servi\u00e7os e equipamentos que contempla toda log\u00edstica da carga transportada:<br>&nbsp;<br>\u2013 Frota pr\u00f3pria com ve\u00edculos rastreados;<br>\u2013 Frota com ve\u00edculos agregados autorizados pela gerenciadora de riscos;<br>\u2013 An\u00e1lise pr\u00e9via dos riscos de toda a carga transportada;<br>\u2013 Seguro mercadoria (RCTR-C\/RCF-DC);<br>\u2013 Rapidez e efici\u00eancia no cumprimento de prazos;<br>\u2013 Acompanhamento do transporte at\u00e9 a entrega;<br>\u2013 Contato dedicado e exclusivo ao atendimento ao cliente via WhatsApp;<br>\u2013 Equipe comprometida com atendimento ao cliente.<\/p><\/div><\/div>\n<\/div><\/div>\n\n\n\n<div class=\"wp-block-uagb-container uagb-block-b7137f25 alignfull uagb-is-root-container\"><div class=\"uagb-container-inner-blocks-wrap\">\n<div class=\"wp-block-uagb-info-box uagb-block-db50d4f4 uagb-infobox__content-wrap  uagb-infobox-icon-above-title uagb-infobox-image-valign-top\"><div class=\"uagb-ifb-content\"><div class=\"uagb-ifb-title-wrap\"><div class=\"uagb-ifb-separator\"><\/div><h3 class=\"uagb-ifb-title\">Objetivo<\/h3><\/div><p class=\"uagb-ifb-desc\">Prestar servi\u00e7o transparente com qualidade e manter o cliente satisfeito.<\/p><\/div><\/div>\n\n\n\n<div class=\"wp-block-uagb-info-box uagb-block-5dd8cf7f uagb-infobox__content-wrap  uagb-infobox-icon-above-title uagb-infobox-image-valign-top\"><div class=\"uagb-ifb-content\"><div class=\"uagb-ifb-title-wrap\"><div class=\"uagb-ifb-separator\"><\/div><h3 class=\"uagb-ifb-title\">Miss\u00e3o\u200b<\/h3><\/div><p class=\"uagb-ifb-desc\">Entregar sua carga com total seguran\u00e7a e agilidade.<\/p><\/div><\/div>\n<\/div><\/div>\n","protected":false},"excerpt":{"rendered":"","protected":false},"author":1,"featured_media":0,"parent":0,"menu_order":0,"comment_status":"closed","ping_status":"closed","template":"","meta":{"om_disable_all_campaigns":false,"_uag_custom_page_level_css":"","_mi_skip_tracking":false,"site-sidebar-layout":"no-sidebar","site-content-layout":"page-builder","ast-global-header-display":"","ast-main-header-display":"","ast-hfb-above-header-display":"","ast-hfb-below-header-display":"","ast-hfb-mobile-header-display":"","site-post-title":"disabled","ast-breadcrumbs-content":"","ast-featured-img":"disabled","footer-sml-layout":"","theme-transparent-header-meta":"enabled","adv-header-id-meta":"","stick-header-meta":"","header-above-stick-meta":"","header-main-stick-meta":"","header-below-stick-meta":""},"aioseo_notices":[],"uagb_featured_image_src":{"full":false,"thumbnail":false,"medium":false,"medium_large":false,"large":false,"1536x1536":false,"2048x2048":false},"uagb_author_info":{"display_name":"comercialcrstransportes@gmail.com","author_link":"https:\/\/crstransportes.com.br\/?author=1"},"uagb_comment_info":0,"uagb_excerpt":null,"_links":{"self":[{"href":"https:\/\/crstransportes.com.br\/index.php?rest_route=\/wp\/v2\/pages\/1490"}],"collection":[{"href":"https:\/\/crstransportes.com.br\/index.php?rest_route=\/wp\/v2\/pages"}],"about":[{"href":"https:\/\/crstransportes.com.br\/index.php?rest_route=\/wp\/v2\/types\/page"}],"author":[{"embeddable":true,"href":"https:\/\/crstransportes.com.br\/index.php?rest_route=\/wp\/v2\/users\/1"}],"replies":[{"embeddable":true,"href":"https:\/\/crstransportes.com.br\/index.php?rest_route=%2Fwp%2Fv2%2Fcomments&post=1490"}],"version-history":[{"count":10,"href":"https:\/\/crstransportes.com.br\/index.php?rest_route=\/wp\/v2\/pages\/1490\/revisions"}],"predecessor-version":[{"id":2454,"href":"https:\/\/crstransportes.com.br\/index.php?rest_route=\/wp\/v2\/pages\/1490\/revisions\/2454"}],"wp:attachment":[{"href":"https:\/\/crstransportes.com.br\/index.php?rest_route=%2Fwp%2Fv2%2Fmedia&parent=1490"}],"curies":[{"name":"wp","href":"https:\/\/api.w.org\/{rel}","templated":true}]}}